{"id":2220,"date":"2018-04-15T19:52:40","date_gmt":"2018-04-15T17:52:40","guid":{"rendered":"http:\/\/techsenior.eu\/?page_id=2220"},"modified":"2018-04-15T19:52:40","modified_gmt":"2018-04-15T17:52:40","slug":"projekt","status":"publish","type":"page","link":"https:\/\/techsenior.eu\/da\/projekt\/","title":{"rendered":"Projekt"},"content":{"rendered":"<p>[vc_row type=&#8221;vc_default&#8221; full_width=&#8221;stretch_row&#8221; gap=&#8221;20&#8243; equal_height=&#8221;yes&#8221; content_placement=&#8221;middle&#8221; parallax_enable=&#8221;&#8221; parallax_ratio=&#8221;0.8&#8243; parallax_opacity=&#8221;&#8221; container_wrap=&#8221;&#8221; no_bottom_margin=&#8221;&#8221;][vc_column width=&#8221;1\/2&#8243;][vc_single_image image=&#8221;35&#8243; img_size=&#8221;full&#8221; alignment=&#8221;center&#8221; style=&#8221;vc_box_shadow_3d&#8221; css_animation=&#8221;fadeIn&#8221;][\/vc_column][vc_column width=&#8221;1\/2&#8243; reveal_effect=&#8221;&#8221; reveal_duration=&#8221;&#8221; reveal_delay=&#8221;&#8221;][vc_column_text]<\/p>\n<h2 style=\"text-align: justify;\">Introduktion<\/h2>\n<p style=\"text-align: justify;\">\u00c6ldre menneskers andel af befolkningen er st\u00f8t stigende og en aktiv brug af alle de digitale muligheder kan spille en vigtig rolle for \u00e6ldres livskvalitet. TECHSenior projektet tilbyder l\u00e6ringsprogrammer og v\u00e6rkt\u00f8jer, som \u00e6ldre kan drage fordel af med henblik p\u00e5 at blive mere uafh\u00e6ngige og aktive inden for alle aspekter af det sociale liv.<\/p>\n<p>[\/vc_column_text][vc_empty_space][vc_column_text]<\/p>\n<h3 style=\"text-align: justify;\">Udfordringen<\/h3>\n<p style=\"text-align: justify;\">I hele verden \u2013 og ogs\u00e5 i h\u00f8j grad i Europa &#8211; g\u00f8r det sig g\u00e6ldende, at befolkningens levealder er hastigt stigende. Den \u00f8konomiske udvikling og forbedringer inden for en r\u00e6kke omr\u00e5der gennem det sidste \u00e5rhundrede har placeret de 28 EU lande blandt de f\u00f8rende i verden med en forventet levetid p\u00e5 83,3 \u00e5r for kvinder og 77,8 \u00e5r for m\u00e6nd, if\u00f8lge Eurostat. \u00c6ldre har en fordeling p\u00e5 18,9% af befolkningen i de 28 EU lande, hvilket er en stigning p\u00e5 2,3 % sammenlignet med 10 \u00e5r tidligere.<br \/>\nHvordan bevarer vi \u00e6ldres evne til at tage vare p\u00e5 sig selv?<\/p>\n<p>[\/vc_column_text][\/vc_column][\/vc_row][vc_row][vc_column][vc_separator color=&#8221;custom&#8221; accent_color=&#8221;#f9602f&#8221;][\/vc_column][\/vc_row][vc_row type=&#8221;vc_default&#8221; gap=&#8221;20&#8243; equal_height=&#8221;yes&#8221; content_placement=&#8221;middle&#8221; parallax_enable=&#8221;&#8221; parallax_ratio=&#8221;0.8&#8243; parallax_opacity=&#8221;&#8221; container_wrap=&#8221;&#8221; no_bottom_margin=&#8221;&#8221;][vc_column width=&#8221;1\/2&#8243;][vc_column_text]<\/p>\n<h3 style=\"text-align: justify;\">Hvorfor bruge digitale l\u00f8sninger?<\/h3>\n<p style=\"text-align: justify;\">Digitale l\u00f8sninger giver \u00e6ldre mennesker mulighed for at forblive uafh\u00e6ngige og aktive i alle aspekter af det sociale liv i l\u00e6ngere tid. Et selvst\u00e6ndigt og uafh\u00e6ngigt liv knytter sig i det moderne samfund i h\u00f8j grad til brugen af PC eller smartphones, fordi disse redskaber via internettet har potentialet til at opfylde mange behov. Derved giver de aktive \u00e6ldre mulighed for at forbedre deres livskvalitet samt styrke mental og social rehabilitering. Ved at g\u00f8re brug af de muligheder, som ny teknologi tilbyder, kan \u00e6ldref.eks. bestille madvarer og andre produkter online, bruge netbank, overf\u00f8re bel\u00f8b mellem konti, f\u00e5 adgang til offentlige hjemmesider, booke billetter samt blive fortrolige med telemedicin. Derudover kan man via email og andre sociale netv\u00e6rk nemmere kommunikere med venner og familie, specielt n\u00e5r de bor i andre byer eller i udlandet. Kort sagt kan disse moderne redskaber \u00a0g\u00f8re \u00e6ldres liv bedre og mere uafh\u00e6ngigt og pleje- og sundhedspersonale og frivillige, der er i kontakt med \u00e6ldre, kan st\u00f8tte dem i brugen af de nye muligheder inden for digitale l\u00f8sninger. P\u00e5 trods af dette vigtige aspekt i udnyttelsen af digitale muligheder, er der en mangel p\u00e5 egnede undervisningsprogrammer.<\/p>\n<p>[\/vc_column_text][\/vc_column][vc_column width=&#8221;1\/2&#8243; css=&#8221;.vc_custom_1486120074666{background-position: center !important;background-repeat: no-repeat !important;background-size: contain !important;}&#8221; reveal_effect=&#8221;&#8221; reveal_duration=&#8221;&#8221; reveal_delay=&#8221;&#8221;][vc_single_image image=&#8221;68&#8243; img_size=&#8221;full&#8221; alignment=&#8221;center&#8221; style=&#8221;vc_box_shadow_3d&#8221; css_animation=&#8221;fadeIn&#8221;][\/vc_column][\/vc_row][vc_row][vc_column][vc_separator color=&#8221;custom&#8221; accent_color=&#8221;#f9602f&#8221;][\/vc_column][\/vc_row][vc_row type=&#8221;vc_default&#8221; full_width=&#8221;stretch_row&#8221; gap=&#8221;20&#8243; equal_height=&#8221;yes&#8221; content_placement=&#8221;middle&#8221; parallax_enable=&#8221;&#8221; parallax_ratio=&#8221;0.8&#8243; parallax_opacity=&#8221;&#8221; container_wrap=&#8221;&#8221; no_bottom_margin=&#8221;&#8221;][vc_column width=&#8221;1\/2&#8243; reveal_effect=&#8221;&#8221; reveal_duration=&#8221;&#8221; reveal_delay=&#8221;&#8221;][vc_single_image image=&#8221;69&#8243; img_size=&#8221;full&#8221; alignment=&#8221;center&#8221; style=&#8221;vc_box_shadow_3d&#8221; css_animation=&#8221;fadeIn&#8221;][\/vc_column][vc_column width=&#8221;1\/2&#8243;][vc_column_text]<\/p>\n<h3 style=\"text-align: justify;\">Hvad er vi optaget af?<\/h3>\n<p style=\"text-align: justify;\">I et m\u00e5lrettet samarbejde mellem europ\u00e6iske partnere er der i TECHSenior projektet blevet udviklet et l\u00e6ringsprogram i form af s\u00e5kaldt \u201cblended learning\u201d, s\u00e5 de \u00e6ldre bliver i stand til at opn\u00e5 basale f\u00e6rdigheder i forhold til elektronisk udstyr og programmer.<\/p>\n<p style=\"text-align: justify;\">Der er tale om to typer l\u00e6ringsprogrammer. I det ene program er den menneskelige faktor involveret gennem undervisning og \u00f8velser, ved hj\u00e6lp af specifikke metoder. Det andet program er et \u201de-l\u00e6ringsprogram\u201d, som man finder p\u00e5 en elektronisk platform, der vil fungere dels som en redskabs-bank, dels som fortsat st\u00f8tte ved l\u00e6ringen. Undervisningsprogrammet vil v\u00e6re tilpasset de s\u00e6rlige behov, som \u00e6ldre har. Til det form\u00e5l er der blevet udviklet l\u00e6ringsprogrammer for undervisere, som er blevet undervist i at bruge specifikke undervisningsmetoder, og som er i stand til at anvende dem i undervisning af pleje- og sundhedspersonale, eller til at anvende dem direkte i undervisningen af \u00e6ldre.<\/p>\n<p>[\/vc_column_text][\/vc_column][\/vc_row][vc_row][vc_column][vc_separator color=&#8221;custom&#8221; accent_color=&#8221;#f9602f&#8221;][\/vc_column][\/vc_row][vc_row type=&#8221;vc_default&#8221; full_width=&#8221;stretch_row&#8221; gap=&#8221;20&#8243; equal_height=&#8221;yes&#8221; content_placement=&#8221;middle&#8221; parallax_enable=&#8221;&#8221; parallax_ratio=&#8221;0.8&#8243; parallax_opacity=&#8221;&#8221; container_wrap=&#8221;&#8221; no_bottom_margin=&#8221;&#8221;][vc_column width=&#8221;1\/2&#8243;][vc_column_text]<\/p>\n<h2 style=\"text-align: justify;\">M\u00e5lgruppe<\/h2>\n<p>&nbsp;<\/p>\n<h4 style=\"text-align: justify;\">\u00c6ldre<\/h4>\n<p style=\"text-align: justify;\">\u00c6ldre over 55 \u00e5r, opdeles i projektet i to grupper. Den f\u00f8rste gruppe er mere aktive \u00e6ldre mht. anvendelsen af IT teknologi og den anden gruppe er mindre aktive \u00e6ldre mht. anvendelsen af IT teknologi.<\/p>\n<h4 style=\"text-align: justify;\">Undervisere\/l\u00e6rere<\/h4>\n<p style=\"text-align: justify;\">I l\u00f8bet af projektet er undervisere\/l\u00e6rere blevet undervist i, hvordan man underviser \u00e6ldre. De skal ikke kun v\u00e6re i stand til at undervise \u00e6ldre: De skal ogs\u00e5 kunne undervise pleje- og sundhedspersonale i at st\u00f8tte \u00e6ldre i h\u00e5ndteringen af ny IT teknologi\/digitale l\u00f8sninger, samt \u00f8ge deres personlige udvikling i tilknytning hertil.<\/p>\n<h4 style=\"text-align: justify;\">Pleje- og sundhedspersonale samt frivillige<\/h4>\n<p style=\"text-align: justify;\">Pleje- og sundhedspersonale samt frivillige er i direkte kontakt med de \u00e6ldre. Det er derfor vigtigt, at de er i stand til at st\u00f8tte dem i brugen af IT teknologi og digitale l\u00f8sninger.<\/p>\n<p>[\/vc_column_text][\/vc_column][vc_column width=&#8221;1\/2&#8243; css=&#8221;.vc_custom_1486120074666{background-position: center !important;background-repeat: no-repeat !important;background-size: contain !important;}&#8221; reveal_effect=&#8221;&#8221; reveal_duration=&#8221;&#8221; reveal_delay=&#8221;&#8221;][vc_single_image image=&#8221;72&#8243; img_size=&#8221;full&#8221; alignment=&#8221;center&#8221; style=&#8221;vc_box_shadow_3d&#8221; css_animation=&#8221;fadeIn&#8221;][\/vc_column][\/vc_row][vc_row][vc_column][vc_separator color=&#8221;custom&#8221; accent_color=&#8221;#f9602f&#8221;][\/vc_column][\/vc_row][vc_row type=&#8221;vc_default&#8221; gap=&#8221;20&#8243; equal_height=&#8221;yes&#8221; content_placement=&#8221;middle&#8221; parallax_enable=&#8221;&#8221; parallax_ratio=&#8221;0.8&#8243; parallax_opacity=&#8221;&#8221; container_wrap=&#8221;&#8221; no_bottom_margin=&#8221;&#8221;][vc_column width=&#8221;1\/2&#8243;][vc_single_image image=&#8221;73&#8243; img_size=&#8221;full&#8221; alignment=&#8221;center&#8221; style=&#8221;vc_box_shadow_3d&#8221; css_animation=&#8221;fadeIn&#8221;][\/vc_column][vc_column width=&#8221;1\/2&#8243; reveal_effect=&#8221;&#8221; reveal_duration=&#8221;&#8221; reveal_delay=&#8221;&#8221;][vc_column_text]<\/p>\n<h3 style=\"text-align: justify;\">Hvad bidrager TECHSenior projektet med<\/h3>\n<ul style=\"list-style-type: square;\">\n<li style=\"text-align: justify;\">Research inden for eksisterende l\u00e6ringsprogrammer for \u00e6ldre, inklusiv fokusgruppe-interviews og case studier<\/li>\n<li style=\"text-align: justify;\">Samskabelse (Levende laboratorie), fagligt indhold, kompetencer, l\u00e6ringsm\u00e5l for de enkelte kursusmoduler. Partner-erfaring i at undervise \u00e6ldre<\/li>\n<li style=\"text-align: justify;\">Udvikling af et kursus for undervisere til anvendelse i undervisningen af undervisere, eller direkte til undervisning af \u00e6ldre<\/li>\n<li style=\"text-align: justify;\">Design, udvikling og afpr\u00f8vning af workshop og e-l\u00e6ring<\/li>\n<li style=\"text-align: justify;\">Gennemf\u00f8relse af kurserne og evaluering af l\u00e6ringen, b\u00e5de klasserumsl\u00e6ring og e-l\u00e6ring<\/li>\n<\/ul>\n<p>[\/vc_column_text][\/vc_column][\/vc_row]<\/p>\n","protected":false},"excerpt":{"rendered":"<p>[vc_row type=&#8221;vc_default&#8221; full_width=&#8221;stretch_row&#8221; gap=&#8221;20&#8243; equal_height=&#8221;yes&#8221; content_placement=&#8221;middle&#8221; parallax_enable=&#8221;&#8221; parallax_ratio=&#8221;0.8&#8243; parallax_opacity=&#8221;&#8221; container_wrap=&#8221;&#8221; no_bottom_margin=&#8221;&#8221;][vc_column width=&#8221;1\/2&#8243;][vc_single_image image=&#8221;35&#8243; img_size=&#8221;full&#8221; alignment=&#8221;center&#8221; style=&#8221;vc_box_shadow_3d&#8221; css_animation=&#8221;fadeIn&#8221;][\/vc_column][vc_column width=&#8221;1\/2&#8243; reveal_effect=&#8221;&#8221; reveal_duration=&#8221;&#8221; reveal_delay=&#8221;&#8221;][vc_column_text] Introduktion \u00c6ldre menneskers andel af befolkningen er st\u00f8t stigende og en aktiv brug af alle de digitale muligheder kan spille en vigtig rolle for \u00e6ldres livskvalitet. TECHSenior projektet tilbyder l\u00e6ringsprogrammer og v\u00e6rkt\u00f8jer, som \u00e6ldre&hellip;<\/p>\n","protected":false},"author":1,"featured_media":1988,"parent":0,"menu_order":0,"comment_status":"closed","ping_status":"closed","template":"","meta":[],"yoast_head":"<!-- This site is optimized with the Yoast SEO plugin v20.10 - https:\/\/yoast.com\/wordpress\/plugins\/seo\/ -->\n<title>Projekt - Tech Senior<\/title>\n<meta name=\"robots\" content=\"index, follow, max-snippet:-1, max-image-preview:large, max-video-preview:-1\" \/>\n<link rel=\"canonical\" href=\"https:\/\/techsenior.eu\/da\/projekt\/\" \/>\n<meta property=\"og:locale\" content=\"da_DK\" \/>\n<meta property=\"og:type\" content=\"article\" \/>\n<meta property=\"og:title\" content=\"Projekt - Tech Senior\" \/>\n<meta property=\"og:description\" content=\"[vc_row type=&#8221;vc_default&#8221; full_width=&#8221;stretch_row&#8221; gap=&#8221;20&#8243; equal_height=&#8221;yes&#8221; content_placement=&#8221;middle&#8221; parallax_enable=&#8221;&#8221; parallax_ratio=&#8221;0.8&#8243; parallax_opacity=&#8221;&#8221; container_wrap=&#8221;&#8221; no_bottom_margin=&#8221;&#8221;][vc_column width=&#8221;1\/2&#8243;][vc_single_image image=&#8221;35&#8243; img_size=&#8221;full&#8221; alignment=&#8221;center&#8221; style=&#8221;vc_box_shadow_3d&#8221; css_animation=&#8221;fadeIn&#8221;][\/vc_column][vc_column width=&#8221;1\/2&#8243; reveal_effect=&#8221;&#8221; reveal_duration=&#8221;&#8221; reveal_delay=&#8221;&#8221;][vc_column_text] Introduktion \u00c6ldre menneskers andel af befolkningen er st\u00f8t stigende og en aktiv brug af alle de digitale muligheder kan spille en vigtig rolle for \u00e6ldres livskvalitet. TECHSenior projektet tilbyder l\u00e6ringsprogrammer og v\u00e6rkt\u00f8jer, som \u00e6ldre&hellip;\" \/>\n<meta property=\"og:url\" content=\"https:\/\/techsenior.eu\/da\/projekt\/\" \/>\n<meta property=\"og:site_name\" content=\"Tech Senior\" \/>\n<meta property=\"og:image\" content=\"https:\/\/techsenior.eu\/wp-content\/uploads\/2018\/01\/2.jpg\" \/>\n\t<meta property=\"og:image:width\" content=\"1200\" \/>\n\t<meta property=\"og:image:height\" content=\"630\" \/>\n\t<meta property=\"og:image:type\" content=\"image\/jpeg\" \/>\n<meta name=\"twitter:card\" content=\"summary_large_image\" \/>\n<meta name=\"twitter:label1\" content=\"Estimeret l\u00e6setid\" \/>\n\t<meta name=\"twitter:data1\" content=\"6 minutter\" \/>\n<script type=\"application\/ld+json\" class=\"yoast-schema-graph\">{\"@context\":\"https:\/\/schema.org\",\"@graph\":[{\"@type\":\"WebPage\",\"@id\":\"https:\/\/techsenior.eu\/da\/projekt\/\",\"url\":\"https:\/\/techsenior.eu\/da\/projekt\/\",\"name\":\"Projekt - Tech Senior\",\"isPartOf\":{\"@id\":\"https:\/\/techsenior.eu\/#website\"},\"datePublished\":\"2018-04-15T17:52:40+00:00\",\"dateModified\":\"2018-04-15T17:52:40+00:00\",\"breadcrumb\":{\"@id\":\"https:\/\/techsenior.eu\/da\/projekt\/#breadcrumb\"},\"inLanguage\":\"da-DK\",\"potentialAction\":[{\"@type\":\"ReadAction\",\"target\":[\"https:\/\/techsenior.eu\/da\/projekt\/\"]}]},{\"@type\":\"BreadcrumbList\",\"@id\":\"https:\/\/techsenior.eu\/da\/projekt\/#breadcrumb\",\"itemListElement\":[{\"@type\":\"ListItem\",\"position\":1,\"name\":\"Home\",\"item\":\"https:\/\/techsenior.eu\/da\/\"},{\"@type\":\"ListItem\",\"position\":2,\"name\":\"Projekt\"}]},{\"@type\":\"WebSite\",\"@id\":\"https:\/\/techsenior.eu\/#website\",\"url\":\"https:\/\/techsenior.eu\/\",\"name\":\"Tech Senior\",\"description\":\"IT for elders\",\"potentialAction\":[{\"@type\":\"SearchAction\",\"target\":{\"@type\":\"EntryPoint\",\"urlTemplate\":\"https:\/\/techsenior.eu\/?s={search_term_string}\"},\"query-input\":\"required name=search_term_string\"}],\"inLanguage\":\"da-DK\"}]}<\/script>\n<!-- \/ Yoast SEO plugin. -->","yoast_head_json":{"title":"Projekt - Tech Senior","robots":{"index":"index","follow":"follow","max-snippet":"max-snippet:-1","max-image-preview":"max-image-preview:large","max-video-preview":"max-video-preview:-1"},"canonical":"https:\/\/techsenior.eu\/da\/projekt\/","og_locale":"da_DK","og_type":"article","og_title":"Projekt - Tech Senior","og_description":"[vc_row type=&#8221;vc_default&#8221; full_width=&#8221;stretch_row&#8221; gap=&#8221;20&#8243; equal_height=&#8221;yes&#8221; content_placement=&#8221;middle&#8221; parallax_enable=&#8221;&#8221; parallax_ratio=&#8221;0.8&#8243; parallax_opacity=&#8221;&#8221; container_wrap=&#8221;&#8221; no_bottom_margin=&#8221;&#8221;][vc_column width=&#8221;1\/2&#8243;][vc_single_image image=&#8221;35&#8243; img_size=&#8221;full&#8221; alignment=&#8221;center&#8221; style=&#8221;vc_box_shadow_3d&#8221; css_animation=&#8221;fadeIn&#8221;][\/vc_column][vc_column width=&#8221;1\/2&#8243; reveal_effect=&#8221;&#8221; reveal_duration=&#8221;&#8221; reveal_delay=&#8221;&#8221;][vc_column_text] Introduktion \u00c6ldre menneskers andel af befolkningen er st\u00f8t stigende og en aktiv brug af alle de digitale muligheder kan spille en vigtig rolle for \u00e6ldres livskvalitet. TECHSenior projektet tilbyder l\u00e6ringsprogrammer og v\u00e6rkt\u00f8jer, som \u00e6ldre&hellip;","og_url":"https:\/\/techsenior.eu\/da\/projekt\/","og_site_name":"Tech Senior","og_image":[{"width":1200,"height":630,"url":"https:\/\/techsenior.eu\/wp-content\/uploads\/2018\/01\/2.jpg","type":"image\/jpeg"}],"twitter_card":"summary_large_image","twitter_misc":{"Estimeret l\u00e6setid":"6 minutter"},"schema":{"@context":"https:\/\/schema.org","@graph":[{"@type":"WebPage","@id":"https:\/\/techsenior.eu\/da\/projekt\/","url":"https:\/\/techsenior.eu\/da\/projekt\/","name":"Projekt - Tech Senior","isPartOf":{"@id":"https:\/\/techsenior.eu\/#website"},"datePublished":"2018-04-15T17:52:40+00:00","dateModified":"2018-04-15T17:52:40+00:00","breadcrumb":{"@id":"https:\/\/techsenior.eu\/da\/projekt\/#breadcrumb"},"inLanguage":"da-DK","potentialAction":[{"@type":"ReadAction","target":["https:\/\/techsenior.eu\/da\/projekt\/"]}]},{"@type":"BreadcrumbList","@id":"https:\/\/techsenior.eu\/da\/projekt\/#breadcrumb","itemListElement":[{"@type":"ListItem","position":1,"name":"Home","item":"https:\/\/techsenior.eu\/da\/"},{"@type":"ListItem","position":2,"name":"Projekt"}]},{"@type":"WebSite","@id":"https:\/\/techsenior.eu\/#website","url":"https:\/\/techsenior.eu\/","name":"Tech Senior","description":"IT for elders","potentialAction":[{"@type":"SearchAction","target":{"@type":"EntryPoint","urlTemplate":"https:\/\/techsenior.eu\/?s={search_term_string}"},"query-input":"required name=search_term_string"}],"inLanguage":"da-DK"}]}},"_links":{"self":[{"href":"https:\/\/techsenior.eu\/da\/wp-json\/wp\/v2\/pages\/2220\/"}],"collection":[{"href":"https:\/\/techsenior.eu\/da\/wp-json\/wp\/v2\/pages\/"}],"about":[{"href":"https:\/\/techsenior.eu\/da\/wp-json\/wp\/v2\/types\/page\/"}],"author":[{"embeddable":true,"href":"https:\/\/techsenior.eu\/da\/wp-json\/wp\/v2\/users\/1\/"}],"replies":[{"embeddable":true,"href":"https:\/\/techsenior.eu\/da\/wp-json\/wp\/v2\/comments\/?post=2220"}],"version-history":[{"count":0,"href":"https:\/\/techsenior.eu\/da\/wp-json\/wp\/v2\/pages\/2220\/revisions\/"}],"wp:featuredmedia":[{"embeddable":true,"href":"https:\/\/techsenior.eu\/da\/wp-json\/wp\/v2\/media\/1988\/"}],"wp:attachment":[{"href":"https:\/\/techsenior.eu\/da\/wp-json\/wp\/v2\/media\/?parent=2220"}],"curies":[{"name":"wp","href":"https:\/\/api.w.org\/{rel}","templated":true}]}}