{"id":2191,"date":"2018-04-13T10:19:51","date_gmt":"2018-04-13T08:19:51","guid":{"rendered":"http:\/\/techsenior.eu\/?page_id=2191"},"modified":"2018-04-13T10:19:51","modified_gmt":"2018-04-13T08:19:51","slug":"proyecto","status":"publish","type":"page","link":"https:\/\/techsenior.eu\/es\/proyecto\/","title":{"rendered":"Proyecto"},"content":{"rendered":"<p>[vc_row type=\u00bbvc_default\u00bb full_width=\u00bbstretch_row\u00bb gap=\u00bb20&#8243; equal_height=\u00bbyes\u00bb content_placement=\u00bbmiddle\u00bb parallax_enable=\u00bb\u00bb parallax_ratio=\u00bb0.8&#8243; parallax_opacity=\u00bb\u00bb container_wrap=\u00bb\u00bb no_bottom_margin=\u00bb\u00bb][vc_column width=\u00bb1\/2&#8243;][vc_single_image image=\u00bb35&#8243; img_size=\u00bbfull\u00bb alignment=\u00bbcenter\u00bb style=\u00bbvc_box_shadow_3d\u00bb css_animation=\u00bbfadeIn\u00bb][\/vc_column][vc_column width=\u00bb1\/2&#8243; reveal_effect=\u00bb\u00bb reveal_duration=\u00bb\u00bb reveal_delay=\u00bb\u00bb][vc_column_text]<\/p>\n<h2 style=\"text-align: justify;\">Introducci\u00f3n<\/h2>\n<p style=\"text-align: justify;\">La proporci\u00f3n de personas mayores aumenta constantemente. La participaci\u00f3n activa en entornos tecnol\u00f3gicos puede suponer un cambio fundamental en el desarrollo de la calidad de vida de las personas mayores. El proyecto TECHSenior desarrolla programas y herramientas de aprendizaje adecuados a las necesidades de los mayores permiti\u00e9ndoles llevar una vida social m\u00e1s activa e independiente.<\/p>\n<p>[\/vc_column_text][vc_empty_space][vc_column_text]<\/p>\n<h3 style=\"text-align: justify;\">El reto<\/h3>\n<p style=\"text-align: justify;\">La poblaci\u00f3n mundial est\u00e1 envejeciendo de forma r\u00e1pida y constante. El desarrollo econ\u00f3mico ha sido uno de los factores que ha contribuido a la mejora en la esperanza de vida de los ciudadanos europeos durante el \u00faltimo siglo, situando a la UE de los 28 entre los l\u00edderes mundiales en esperanza de vida, alcanzando, seg\u00fan Eurostat, 83,3 a\u00f1os para las mujeres y 77,8 a\u00f1os para los hombres. En la actualidad, las personas mayores de la UE-28, tienen una participaci\u00f3n en la sociedad del\u00a018,9%, es decir, un incremento del 2,3% en comparaci\u00f3n con la d\u00e9cada anterior.\u00a0 \u00bfC\u00f3mo haremos para que las personas mayores puedan ser capaces de cuidarse de s\u00ed mismas?<\/p>\n<p>[\/vc_column_text][\/vc_column][\/vc_row][vc_row][vc_column][vc_separator color=\u00bbcustom\u00bb accent_color=\u00bb#f9602f\u00bb][\/vc_column][\/vc_row][vc_row type=\u00bbvc_default\u00bb gap=\u00bb20&#8243; equal_height=\u00bbyes\u00bb content_placement=\u00bbmiddle\u00bb parallax_enable=\u00bb\u00bb parallax_ratio=\u00bb0.8&#8243; parallax_opacity=\u00bb\u00bb container_wrap=\u00bb\u00bb no_bottom_margin=\u00bb\u00bb][vc_column width=\u00bb1\/2&#8243;][vc_column_text]<\/p>\n<h3 style=\"text-align: justify;\">Por qu\u00e9 utilizar la tecnolog\u00eda<\/h3>\n<p style=\"text-align: justify;\">La tecnolog\u00eda puede brindar la oportunidad de hacer que los mayores puedan ser m\u00e1s independientes y activos en todos los aspectos de la vida social. En los tiempos modernos, la vida independiente y aut\u00f3noma est\u00e1 muy asociada al uso de PCs o tel\u00e9fonos inteligentes, ya que Internet ofrece la posibilidad de satisfacer gran cantidad de necesidades o planificar el propio tiempo. De esta manera, una persona mayor puede mejorar su nivel de vida y mejorar su bienestar mental y social. Haciendo uso de las oportunidades que ofrecen las tecnolog\u00edas, los mayores podr\u00e1n, por ejemplo, encargar comida y otros productos online, utilizar la banca on line, realizar transacciones electr\u00f3nicas, tener acceso a sitios web gubernamentales, reservar entradas para espect\u00e1culos, familiarizarse con el uso de la tele- medicina y la teleasistencia, comunicarse con amigos y\/o familiares por correo electr\u00f3nico u otras redes sociales, especialmente cuando est\u00e1n fuera de su casa. En otras palabras, hacer que sus vidas sean mejores y m\u00e1s independientes. Convendr\u00eda que los cuidadores, tanto profesionales como voluntarios, en contacto con los mayores puedan ser capaces de acompa\u00f1arles aprovechando las oportunidades que ofrecen las tecnolog\u00edas. A pesar de los beneficios del uso de las tecnolog\u00edas, se ha constatado una escasez de programas formativos.<\/p>\n<p>[\/vc_column_text][\/vc_column][vc_column width=\u00bb1\/2&#8243; css=\u00bb.vc_custom_1486120074666{background-position: center !important;background-repeat: no-repeat !important;background-size: contain !important;}\u00bb reveal_effect=\u00bb\u00bb reveal_duration=\u00bb\u00bb reveal_delay=\u00bb\u00bb][vc_single_image image=\u00bb68&#8243; img_size=\u00bbfull\u00bb alignment=\u00bbcenter\u00bb style=\u00bbvc_box_shadow_3d\u00bb css_animation=\u00bbfadeIn\u00bb][\/vc_column][\/vc_row][vc_row][vc_column][vc_separator color=\u00bbcustom\u00bb accent_color=\u00bb#f9602f\u00bb][\/vc_column][\/vc_row][vc_row type=\u00bbvc_default\u00bb full_width=\u00bbstretch_row\u00bb gap=\u00bb20&#8243; equal_height=\u00bbyes\u00bb content_placement=\u00bbmiddle\u00bb parallax_enable=\u00bb\u00bb parallax_ratio=\u00bb0.8&#8243; parallax_opacity=\u00bb\u00bb container_wrap=\u00bb\u00bb no_bottom_margin=\u00bb\u00bb][vc_column width=\u00bb1\/2&#8243; reveal_effect=\u00bb\u00bb reveal_duration=\u00bb\u00bb reveal_delay=\u00bb\u00bb][vc_single_image image=\u00bb69&#8243; img_size=\u00bbfull\u00bb alignment=\u00bbcenter\u00bb style=\u00bbvc_box_shadow_3d\u00bb css_animation=\u00bbfadeIn\u00bb][\/vc_column][vc_column width=\u00bb1\/2&#8243;][vc_column_text]<\/p>\n<h3 style=\"text-align: justify;\">Qu\u00e9 hacemos<\/h3>\n<p style=\"text-align: justify;\">A trav\u00e9s de un proyecto de colaboraci\u00f3n entre socios europeos, el proyecto TECHSenior ha desarrollado un programa formativo \u00abmixto\u00bb, combinando formaci\u00f3n presencial y on line, con el objetivo de que las personas mayores puedan adquirir habilidades b\u00e1sicas en el manejo de dispositivos electr\u00f3nicos y software.<\/p>\n<p style=\"text-align: justify;\">Se crear\u00e1n dos tipos de programas formativos. Durante el primero, la formaci\u00f3n presencial adquiere relieve utilizando metodolog\u00edas espec\u00edficas de ense\u00f1anza-aprendizaje. En el segundo curso se enfocar\u00e1 en la creaci\u00f3n de una plataforma electr\u00f3nica \u00abe-learning\u00bb que ser\u00e1 utilizada tanto para el almacenamiento de herramientas, como para la formaci\u00f3n continua. El programa formativo se adaptar\u00e1 a las necesidades de las personas mayores. Para lograr este fin, se han desarrollado programas de formaci\u00f3n para docentes, formadores o coaches. \u00c9stos han sido espec\u00edficamente capacitados para formar a las personas mayores.<br \/>\n.<\/p>\n<p>[\/vc_column_text][\/vc_column][\/vc_row][vc_row][vc_column][vc_separator color=\u00bbcustom\u00bb accent_color=\u00bb#f9602f\u00bb][\/vc_column][\/vc_row][vc_row type=\u00bbvc_default\u00bb full_width=\u00bbstretch_row\u00bb gap=\u00bb20&#8243; equal_height=\u00bbyes\u00bb content_placement=\u00bbmiddle\u00bb parallax_enable=\u00bb\u00bb parallax_ratio=\u00bb0.8&#8243; parallax_opacity=\u00bb\u00bb container_wrap=\u00bb\u00bb no_bottom_margin=\u00bb\u00bb][vc_column width=\u00bb1\/2&#8243;][vc_column_text]<\/p>\n<h2 style=\"text-align: justify;\">Grupo objetivo<\/h2>\n<p>&nbsp;<\/p>\n<h4 style=\"text-align: justify;\">Las personas mayores<\/h4>\n<p style=\"text-align: justify;\">Las personas mayores de 55 a\u00f1os que van a recibir formaci\u00f3n han sido divididas en dos grupos distintos. El primer grupo est\u00e1 formado por personas mayores activas, especialmente en el uso de las tecnolog\u00edas, y el segundo grupo son personas mayores menos activas.<\/p>\n<h4 style=\"text-align: justify;\">Profesores\/Formadores<\/h4>\n<p style=\"text-align: justify;\">Los docentes\/formadores han sido preparados espec\u00edficamente para formar a las personas mayores. Adem\u00e1s, tambi\u00e9n podr\u00e1n formar a los cuidadores que ayudan a las personas mayores, haci\u00e9ndoles ver la importancia de las tecnolog\u00edas y del desarrollo personal.<\/p>\n<h4 style=\"text-align: justify;\">Cuidadores y voluntarios<\/h4>\n<p style=\"text-align: justify;\">Los trabajadores de residencias y los voluntarios est\u00e1n en contacto directo con los mayores y podr\u00e1n acompa\u00f1arles haciendo uso de las oportunidades que ofrecen las tecnolog\u00edas.<\/p>\n<p>[\/vc_column_text][\/vc_column][vc_column width=\u00bb1\/2&#8243; css=\u00bb.vc_custom_1486120074666{background-position: center !important;background-repeat: no-repeat !important;background-size: contain !important;}\u00bb reveal_effect=\u00bb\u00bb reveal_duration=\u00bb\u00bb reveal_delay=\u00bb\u00bb][vc_single_image image=\u00bb72&#8243; img_size=\u00bbfull\u00bb alignment=\u00bbcenter\u00bb style=\u00bbvc_box_shadow_3d\u00bb css_animation=\u00bbfadeIn\u00bb][\/vc_column][\/vc_row][vc_row][vc_column][vc_separator color=\u00bbcustom\u00bb accent_color=\u00bb#f9602f\u00bb][\/vc_column][\/vc_row][vc_row type=\u00bbvc_default\u00bb gap=\u00bb20&#8243; equal_height=\u00bbyes\u00bb content_placement=\u00bbmiddle\u00bb parallax_enable=\u00bb\u00bb parallax_ratio=\u00bb0.8&#8243; parallax_opacity=\u00bb\u00bb container_wrap=\u00bb\u00bb no_bottom_margin=\u00bb\u00bb][vc_column width=\u00bb1\/2&#8243;][vc_single_image image=\u00bb73&#8243; img_size=\u00bbfull\u00bb alignment=\u00bbcenter\u00bb style=\u00bbvc_box_shadow_3d\u00bb css_animation=\u00bbfadeIn\u00bb][\/vc_column][vc_column width=\u00bb1\/2&#8243; reveal_effect=\u00bb\u00bb reveal_duration=\u00bb\u00bb reveal_delay=\u00bb\u00bb][vc_column_text]<\/p>\n<h3 style=\"text-align: justify;\">Resultados del proyecto TECHSenior<\/h3>\n<ul style=\"list-style-type: square;\">\n<li style=\"text-align: justify;\">Investigaci\u00f3n en cada pa\u00eds sobre formaciones existentes en tecnolog\u00edas para las personas mayores.<\/li>\n<li style=\"text-align: justify;\">Co-creaci\u00f3n (Living Lab), curr\u00edculo, competencias, resultados de aprendizaje para cursos modulares. Experiencia para los socios en la ense\u00f1anza a personas mayores.<\/li>\n<li style=\"text-align: justify;\">Desarrollo de un curso de formaci\u00f3n para formadores\/docentes que ser\u00e1 utilizado para la formaci\u00f3n del personal de atenci\u00f3n a mayores o directamente para la formaci\u00f3n de personas mayores.<\/li>\n<li style=\"text-align: justify;\">Dise\u00f1o, desarrollo y evaluaci\u00f3n del taller y e-learning.<\/li>\n<li style=\"text-align: justify;\">Implementaci\u00f3n y an\u00e1lisis de los resultados de evaluaci\u00f3n de los cursos de formaci\u00f3n tanto presencial como online.<\/li>\n<\/ul>\n<p>[\/vc_column_text][\/vc_column][\/vc_row]<\/p>\n","protected":false},"excerpt":{"rendered":"<p>[vc_row type=\u00bbvc_default\u00bb full_width=\u00bbstretch_row\u00bb gap=\u00bb20&#8243; equal_height=\u00bbyes\u00bb content_placement=\u00bbmiddle\u00bb parallax_enable=\u00bb\u00bb parallax_ratio=\u00bb0.8&#8243; parallax_opacity=\u00bb\u00bb container_wrap=\u00bb\u00bb no_bottom_margin=\u00bb\u00bb][vc_column width=\u00bb1\/2&#8243;][vc_single_image image=\u00bb35&#8243; img_size=\u00bbfull\u00bb alignment=\u00bbcenter\u00bb style=\u00bbvc_box_shadow_3d\u00bb css_animation=\u00bbfadeIn\u00bb][\/vc_column][vc_column width=\u00bb1\/2&#8243; reveal_effect=\u00bb\u00bb reveal_duration=\u00bb\u00bb reveal_delay=\u00bb\u00bb][vc_column_text] Introducci\u00f3n La proporci\u00f3n de personas mayores aumenta constantemente. La participaci\u00f3n activa en entornos tecnol\u00f3gicos puede suponer un cambio fundamental en el desarrollo de la calidad de vida de las personas mayores. El proyecto TECHSenior&hellip;<\/p>\n","protected":false},"author":1,"featured_media":1990,"parent":0,"menu_order":0,"comment_status":"closed","ping_status":"closed","template":"","meta":[],"yoast_head":"<!-- This site is optimized with the Yoast SEO plugin v20.10 - https:\/\/yoast.com\/wordpress\/plugins\/seo\/ -->\n<title>El Projecto - Techsenior<\/title>\n<meta name=\"description\" content=\"Conozca m\u00e1s para el proyecto Techsenior!\" \/>\n<meta name=\"robots\" content=\"index, follow, max-snippet:-1, max-image-preview:large, max-video-preview:-1\" \/>\n<link rel=\"canonical\" href=\"https:\/\/techsenior.eu\/es\/proyecto\/\" \/>\n<meta property=\"og:locale\" content=\"es_ES\" \/>\n<meta property=\"og:type\" content=\"article\" \/>\n<meta property=\"og:title\" content=\"El Projecto - Techsenior\" \/>\n<meta property=\"og:description\" content=\"Conozca m\u00e1s para el proyecto Techsenior!\" \/>\n<meta property=\"og:url\" content=\"https:\/\/techsenior.eu\/es\/proyecto\/\" \/>\n<meta property=\"og:site_name\" content=\"Tech Senior\" \/>\n<meta property=\"og:image\" content=\"https:\/\/techsenior.eu\/wp-content\/uploads\/2018\/01\/2.jpg\" \/>\n\t<meta property=\"og:image:width\" content=\"1200\" \/>\n\t<meta property=\"og:image:height\" content=\"630\" \/>\n\t<meta property=\"og:image:type\" content=\"image\/jpeg\" \/>\n<meta name=\"twitter:card\" content=\"summary_large_image\" \/>\n<meta name=\"twitter:title\" content=\"El Projecto - Techsenior\" \/>\n<meta name=\"twitter:description\" content=\"Conozca m\u00e1s para el proyecto Techsenior!\" \/>\n<meta name=\"twitter:label1\" content=\"Tiempo de lectura\" \/>\n\t<meta name=\"twitter:data1\" content=\"6 minutos\" \/>\n<script type=\"application\/ld+json\" class=\"yoast-schema-graph\">{\"@context\":\"https:\/\/schema.org\",\"@graph\":[{\"@type\":\"WebPage\",\"@id\":\"https:\/\/techsenior.eu\/es\/proyecto\/\",\"url\":\"https:\/\/techsenior.eu\/es\/proyecto\/\",\"name\":\"El Projecto - Techsenior\",\"isPartOf\":{\"@id\":\"https:\/\/techsenior.eu\/#website\"},\"datePublished\":\"2018-04-13T08:19:51+00:00\",\"dateModified\":\"2018-04-13T08:19:51+00:00\",\"description\":\"Conozca m\u00e1s para el proyecto Techsenior!\",\"breadcrumb\":{\"@id\":\"https:\/\/techsenior.eu\/es\/proyecto\/#breadcrumb\"},\"inLanguage\":\"es\",\"potentialAction\":[{\"@type\":\"ReadAction\",\"target\":[\"https:\/\/techsenior.eu\/es\/proyecto\/\"]}]},{\"@type\":\"BreadcrumbList\",\"@id\":\"https:\/\/techsenior.eu\/es\/proyecto\/#breadcrumb\",\"itemListElement\":[{\"@type\":\"ListItem\",\"position\":1,\"name\":\"Home\",\"item\":\"https:\/\/techsenior.eu\/es\/\"},{\"@type\":\"ListItem\",\"position\":2,\"name\":\"Proyecto\"}]},{\"@type\":\"WebSite\",\"@id\":\"https:\/\/techsenior.eu\/#website\",\"url\":\"https:\/\/techsenior.eu\/\",\"name\":\"Tech Senior\",\"description\":\"IT for elders\",\"potentialAction\":[{\"@type\":\"SearchAction\",\"target\":{\"@type\":\"EntryPoint\",\"urlTemplate\":\"https:\/\/techsenior.eu\/?s={search_term_string}\"},\"query-input\":\"required name=search_term_string\"}],\"inLanguage\":\"es\"}]}<\/script>\n<!-- \/ Yoast SEO plugin. -->","yoast_head_json":{"title":"El Projecto - Techsenior","description":"Conozca m\u00e1s para el proyecto Techsenior!","robots":{"index":"index","follow":"follow","max-snippet":"max-snippet:-1","max-image-preview":"max-image-preview:large","max-video-preview":"max-video-preview:-1"},"canonical":"https:\/\/techsenior.eu\/es\/proyecto\/","og_locale":"es_ES","og_type":"article","og_title":"El Projecto - Techsenior","og_description":"Conozca m\u00e1s para el proyecto Techsenior!","og_url":"https:\/\/techsenior.eu\/es\/proyecto\/","og_site_name":"Tech Senior","og_image":[{"width":1200,"height":630,"url":"https:\/\/techsenior.eu\/wp-content\/uploads\/2018\/01\/2.jpg","type":"image\/jpeg"}],"twitter_card":"summary_large_image","twitter_title":"El Projecto - Techsenior","twitter_description":"Conozca m\u00e1s para el proyecto Techsenior!","twitter_misc":{"Tiempo de lectura":"6 minutos"},"schema":{"@context":"https:\/\/schema.org","@graph":[{"@type":"WebPage","@id":"https:\/\/techsenior.eu\/es\/proyecto\/","url":"https:\/\/techsenior.eu\/es\/proyecto\/","name":"El Projecto - Techsenior","isPartOf":{"@id":"https:\/\/techsenior.eu\/#website"},"datePublished":"2018-04-13T08:19:51+00:00","dateModified":"2018-04-13T08:19:51+00:00","description":"Conozca m\u00e1s para el proyecto Techsenior!","breadcrumb":{"@id":"https:\/\/techsenior.eu\/es\/proyecto\/#breadcrumb"},"inLanguage":"es","potentialAction":[{"@type":"ReadAction","target":["https:\/\/techsenior.eu\/es\/proyecto\/"]}]},{"@type":"BreadcrumbList","@id":"https:\/\/techsenior.eu\/es\/proyecto\/#breadcrumb","itemListElement":[{"@type":"ListItem","position":1,"name":"Home","item":"https:\/\/techsenior.eu\/es\/"},{"@type":"ListItem","position":2,"name":"Proyecto"}]},{"@type":"WebSite","@id":"https:\/\/techsenior.eu\/#website","url":"https:\/\/techsenior.eu\/","name":"Tech Senior","description":"IT for elders","potentialAction":[{"@type":"SearchAction","target":{"@type":"EntryPoint","urlTemplate":"https:\/\/techsenior.eu\/?s={search_term_string}"},"query-input":"required name=search_term_string"}],"inLanguage":"es"}]}},"_links":{"self":[{"href":"https:\/\/techsenior.eu\/es\/wp-json\/wp\/v2\/pages\/2191\/"}],"collection":[{"href":"https:\/\/techsenior.eu\/es\/wp-json\/wp\/v2\/pages\/"}],"about":[{"href":"https:\/\/techsenior.eu\/es\/wp-json\/wp\/v2\/types\/page\/"}],"author":[{"embeddable":true,"href":"https:\/\/techsenior.eu\/es\/wp-json\/wp\/v2\/users\/1\/"}],"replies":[{"embeddable":true,"href":"https:\/\/techsenior.eu\/es\/wp-json\/wp\/v2\/comments\/?post=2191"}],"version-history":[{"count":0,"href":"https:\/\/techsenior.eu\/es\/wp-json\/wp\/v2\/pages\/2191\/revisions\/"}],"wp:featuredmedia":[{"embeddable":true,"href":"https:\/\/techsenior.eu\/es\/wp-json\/wp\/v2\/media\/1990\/"}],"wp:attachment":[{"href":"https:\/\/techsenior.eu\/es\/wp-json\/wp\/v2\/media\/?parent=2191"}],"curies":[{"name":"wp","href":"https:\/\/api.w.org\/{rel}","templated":true}]}}